{"id":1653,"date":"2022-04-28T11:15:19","date_gmt":"2022-04-28T09:15:19","guid":{"rendered":"https:\/\/gyerekrehangolva.hu\/contact\/"},"modified":"2022-10-10T09:14:38","modified_gmt":"2022-10-10T07:14:38","slug":"contact","status":"publish","type":"page","link":"https:\/\/gyerekrehangolva.hu\/en\/contact\/","title":{"rendered":"Contact"},"content":{"rendered":"<p>[et_pb_section fb_built=&#8221;1&#8243; module_id=&#8221;kapcsolat&#8221; _builder_version=&#8221;4.17.3&#8243; _module_preset=&#8221;default&#8221; custom_padding=&#8221;||0px||false|false&#8221; global_colors_info=&#8221;{}&#8221;][et_pb_row column_structure=&#8221;1_2,1_2&#8243; custom_padding_last_edited=&#8221;on|phone&#8221; _builder_version=&#8221;4.17.3&#8243; _module_preset=&#8221;default&#8221; custom_margin=&#8221;||||false|false&#8221; custom_padding=&#8221;|40px||40px|false|false&#8221; custom_padding_tablet=&#8221;|40px||40px|false|false&#8221; custom_padding_phone=&#8221;|0px||0px|false|false&#8221; global_colors_info=&#8221;{}&#8221;][et_pb_column type=&#8221;1_2&#8243; _builder_version=&#8221;4.17.0&#8243; _module_preset=&#8221;default&#8221; global_colors_info=&#8221;{}&#8221;][et_pb_text admin_label=&#8221;Vedd fel velem a kapcsolatot&#8221; _builder_version=&#8221;4.17.3&#8243; _module_preset=&#8221;default&#8221; global_colors_info=&#8221;{}&#8221;]<\/p>\n<h3 class=\"headline-2\">Contact me<\/h3>\n<p>[\/et_pb_text][et_pb_text admin_label=&#8221;A kapcsolatfelv\u00e9tel egyszer\u0171, t\u00f6ltsd ki&#8230;&#8221; _builder_version=&#8221;4.17.3&#8243; _module_preset=&#8221;default&#8221; global_colors_info=&#8221;{}&#8221;]<\/p>\n<p class=\"lead\">Contacting us is easy, just fill out the form below and click Submit. I will contact you shortly at one of your contact details.<\/p>\n<p>[\/et_pb_text][et_pb_blurb title=&#8221;Would you rather contact me by phone?&#8221; use_icon=&#8221;on&#8221; font_icon=&#8221;&#xf095;||fa||900&#8243; icon_color=&#8221;#cea354&#8243; icon_placement=&#8221;left&#8221; image_icon_width=&#8221;23px&#8221; admin_label=&#8221;Ink\u00e1bb telefonon venn\u00e9d fel velem a kapcsolatot?&#8221; _builder_version=&#8221;4.17.3&#8243; _module_preset=&#8221;default&#8221; header_level=&#8221;h3&#8243; header_font=&#8221;|700|||||||&#8221; header_font_size=&#8221;18px&#8221; link_option_url=&#8221;tel:+36209683039&#8243; global_colors_info=&#8221;{}&#8221;]Call +36 20 968 3039![\/et_pb_blurb][et_pb_text admin_label=&#8221;Utal\u00e1si adatok&#8221; _builder_version=&#8221;4.18.0&#8243; vertical_offset_tablet=&#8221;0&#8243; horizontal_offset_tablet=&#8221;0&#8243; hover_enabled=&#8221;0&#8243; z_index_tablet=&#8221;0&#8243; text_text_shadow_horizontal_length_tablet=&#8221;0px&#8221; text_text_shadow_vertical_length_tablet=&#8221;0px&#8221; text_text_shadow_blur_strength_tablet=&#8221;1px&#8221; link_text_shadow_horizontal_length_tablet=&#8221;0px&#8221; link_text_shadow_vertical_length_tablet=&#8221;0px&#8221; link_text_shadow_blur_strength_tablet=&#8221;1px&#8221; ul_text_shadow_horizontal_length_tablet=&#8221;0px&#8221; ul_text_shadow_vertical_length_tablet=&#8221;0px&#8221; ul_text_shadow_blur_strength_tablet=&#8221;1px&#8221; ol_text_shadow_horizontal_length_tablet=&#8221;0px&#8221; ol_text_shadow_vertical_length_tablet=&#8221;0px&#8221; ol_text_shadow_blur_strength_tablet=&#8221;1px&#8221; quote_text_shadow_horizontal_length_tablet=&#8221;0px&#8221; quote_text_shadow_vertical_length_tablet=&#8221;0px&#8221; quote_text_shadow_blur_strength_tablet=&#8221;1px&#8221; header_text_shadow_horizontal_length_tablet=&#8221;0px&#8221; header_text_shadow_vertical_length_tablet=&#8221;0px&#8221; header_text_shadow_blur_strength_tablet=&#8221;1px&#8221; header_2_text_shadow_horizontal_length_tablet=&#8221;0px&#8221; header_2_text_shadow_vertical_length_tablet=&#8221;0px&#8221; header_2_text_shadow_blur_strength_tablet=&#8221;1px&#8221; header_3_text_shadow_horizontal_length_tablet=&#8221;0px&#8221; header_3_text_shadow_vertical_length_tablet=&#8221;0px&#8221; header_3_text_shadow_blur_strength_tablet=&#8221;1px&#8221; header_4_text_shadow_horizontal_length_tablet=&#8221;0px&#8221; header_4_text_shadow_vertical_length_tablet=&#8221;0px&#8221; header_4_text_shadow_blur_strength_tablet=&#8221;1px&#8221; header_5_text_shadow_horizontal_length_tablet=&#8221;0px&#8221; header_5_text_shadow_vertical_length_tablet=&#8221;0px&#8221; header_5_text_shadow_blur_strength_tablet=&#8221;1px&#8221; header_6_text_shadow_horizontal_length_tablet=&#8221;0px&#8221; header_6_text_shadow_vertical_length_tablet=&#8221;0px&#8221; header_6_text_shadow_blur_strength_tablet=&#8221;1px&#8221; box_shadow_horizontal_tablet=&#8221;0px&#8221; box_shadow_vertical_tablet=&#8221;0px&#8221; box_shadow_blur_tablet=&#8221;40px&#8221; box_shadow_spread_tablet=&#8221;0px&#8221; global_colors_info=&#8221;{}&#8221; sticky_enabled=&#8221;0&#8243;]<\/p>\n<p><strong>Reference data:<\/strong><\/p>\n<ul>\n<li>Name of beneficiary: Tarkov\u00e1cs Cec\u00edlia EV\u200b<\/li>\n<li>Bank account number: 12600016-18026435-39903120<\/li>\n<li>IBAN: HU26126000161802643539903120<\/li>\n<li>Notice: Full Name + Coaching\/Workshop<\/li>\n<\/ul>\n<p>[\/et_pb_text][\/et_pb_column][et_pb_column type=&#8221;1_2&#8243; _builder_version=&#8221;4.17.3&#8243; _module_preset=&#8221;default&#8221; background_color=&#8221;#f9f9f9&#8243; custom_padding=&#8221;20px|20px|20px|20px|false|false&#8221; border_radii=&#8221;on|7px|7px|7px|7px&#8221; global_colors_info=&#8221;{}&#8221;][et_pb_text admin_label=&#8221;%91fluentform id=%222%22%93&#8243; _builder_version=&#8221;4.17.3&#8243; _module_preset=&#8221;default&#8221; global_colors_info=&#8221;{}&#8221;]<\/p>\n<div class='fluentform fluentform_wrapper_2'><form data-form_id=\"2\" id=\"fluentform_2\" class=\"frm-fluent-form fluent_form_2 ff-el-form-top ff_form_instance_2_1 ff-form-loading\" data-form_instance=\"ff_form_instance_2_1\" method=\"POST\" ><input type='hidden' name='__fluent_form_embded_post_id' value='1653' \/><input type=\"hidden\" id=\"_fluentform_2_fluentformnonce\" name=\"_fluentform_2_fluentformnonce\" value=\"77fbae5e85\" \/><input type=\"hidden\" name=\"_wp_http_referer\" value=\"\/en\/wp-json\/wp\/v2\/pages\/1653\" \/><div data-type=\"name-element\" data-name=\"names\" class=\" ff-field_container ff-name-field-wrapper\" ><div class='ff-t-container'><div class='ff-t-cell '><div class='ff-el-group'><div class='ff-el-input--label ff-el-is-required asterisk-right'><label for='ff_2_names_first_name_'>Vezet\u00e9kn\u00e9v<\/label> <\/div><div class='ff-el-input--content'><input type=\"text\" name=\"names[first_name]\" id=\"ff_2_names_first_name_\" class=\"ff-el-form-control\" placeholder=\"Vezet\u00e9kn\u00e9v\" ><\/div><\/div><\/div><div class='ff-t-cell '><div class='ff-el-group'><div class='ff-el-input--label ff-el-is-required asterisk-right'><label for='ff_2_names_last_name_'>Keresztn\u00e9v<\/label> <\/div><div class='ff-el-input--content'><input type=\"text\" name=\"names[last_name]\" id=\"ff_2_names_last_name_\" class=\"ff-el-form-control\" placeholder=\"Keresztn\u00e9v\" ><\/div><\/div><\/div><\/div><\/div><div data-name=\"ff_cn_id_1\"  class='ff-t-container ff-column-container ff_columns_total_2  '><div class='ff-t-cell ff-t-column-1' style='flex-basis: 50%;'><div class='ff-el-group'><div class='ff-el-input--label ff-el-is-required asterisk-right'><label for='ff_2_email'>Email<\/label> <\/div><div class='ff-el-input--content'><input type=\"email\" name=\"email\" id=\"ff_2_email\" class=\"ff-el-form-control\" placeholder=\"Email c\u00edm\" data-name=\"email\" ><\/div><\/div><\/div><div class='ff-t-cell ff-t-column-2' style='flex-basis: 50%;'><div class='ff-el-group'><div class='ff-el-input--label ff-el-is-required asterisk-right'><label for='ff_2_numeric-field_1'>Telefonsz\u00e1m<\/label> <\/div><div class='ff-el-input--content'><input type=\"number\" name=\"numeric-field_1\" id=\"ff_2_numeric-field_1\" class=\"ff-el-form-control\" placeholder=\"+36 (20) 111 2222\" data-name=\"numeric-field_1\" inputmode=\"numeric\" step=\"any\" ><\/div><\/div><\/div><\/div><div class='ff-el-group'><div class='ff-el-input--label ff-el-is-required asterisk-right'><label for='ff_2_numeric-field'>Gyermek \u00e9letkora<\/label> <\/div><div class='ff-el-input--content'><input type=\"number\" name=\"numeric-field\" id=\"ff_2_numeric-field\" class=\"ff-el-form-control\" data-name=\"numeric-field\" inputmode=\"numeric\" step=\"any\" min=\"0\" ><\/div><\/div><div class='ff-el-group'><div class='ff-el-input--label ff-el-is-required asterisk-right'><label for='ff_2_message'>Aktu\u00e1lis gyereknevel\u00e9si kih\u00edv\u00e1s p\u00e1r sz\u00f3ban<\/label> <\/div><div class='ff-el-input--content'><textarea name=\"message\" id=\"ff_2_message\" class=\"ff-el-form-control\" placeholder=\"Ide \u00edrd le milyen kih\u00edv\u00e1sokkal n\u00e9zel szembe, illetve ha b\u00e1rmi k\u00e9rd\u00e9sed, megjegyz\u00e9sed van.\" rows=\"4\" cols=\"2\" data-name=\"message\" ><\/textarea><\/div><\/div><div class='ff-el-group    ff-el-input--content'><div class='ff-el-form-check ff-el-tc'><label class='ff-el-form-check-label ff_tc_label' for=gdpr-agreement_f0622e22434542360e257de7ccdd6b45><span class='ff_tc_checkbox'><input type=\"checkbox\" name=\"gdpr-agreement\" class=\"ff-el-form-check-input ff_gdpr_field\" data-name=\"gdpr-agreement\" id=\"gdpr-agreement_f0622e22434542360e257de7ccdd6b45\"  value='on'><\/span> <div class='ff_t_c'>Az \"\u00dczenet k\u00fcld\u00e9se\" gombra val\u00f3 kattint\u00e1ssal elfogadod adataid tov\u00e1bb\u00edt\u00e1s\u00e1t az Gyerekre Hangolva sz\u00e1m\u00e1ra, amely v\u00e1llalja, hogy azokat adatkezel\u00e9si szab\u00e1lyzatnak megfelel\u0151en haszn\u00e1lja.<\/div><\/label><\/div><\/div><div class='ff-el-group ff-text-center ff_submit_btn_wrapper'><button type=\"submit\" class=\"ff-btn ff-btn-submit ff-btn-lg ff_btn_style wpf_has_custom_css\" >\u00dczenet k\u00fcld\u00e9se<\/button><\/div><\/form><div id='fluentform_2_errors' class='ff-errors-in-stack ff_form_instance_2_1 ff-form-loading_errors ff_form_instance_2_1_errors'><\/div><\/div>        <script type=\"text\/javascript\">\r\n            window.fluent_form_ff_form_instance_2_1 = {\"id\":\"2\",\"settings\":{\"layout\":{\"labelPlacement\":\"top\",\"helpMessagePlacement\":\"with_label\",\"errorMessagePlacement\":\"inline\",\"asteriskPlacement\":\"asterisk-right\"},\"id\":\"39\",\"restrictions\":{\"denyEmptySubmission\":{\"enabled\":false}}},\"form_instance\":\"ff_form_instance_2_1\",\"form_id_selector\":\"fluentform_2\",\"rules\":{\"names[first_name]\":{\"required\":{\"value\":true,\"message\":\"K\\u00f6telez\\u0151 mez\\u0151\"}},\"names[middle_name]\":{\"required\":{\"value\":false,\"message\":\"This field is required\"}},\"names[last_name]\":{\"required\":{\"value\":true,\"message\":\"K\\u00f6telez\\u0151 mez\\u0151\"}},\"email\":{\"required\":{\"value\":true,\"message\":\"K\\u00f6telez\\u0151 mez\\u0151\"},\"email\":{\"value\":true,\"message\":\"This field must contain a valid email\"}},\"numeric-field_1\":{\"required\":{\"value\":true,\"message\":\"K\\u00f6telez\\u0151 mez\\u0151\"},\"numeric\":{\"value\":true,\"message\":\"This field must contain numeric value\"},\"min\":{\"value\":\"\",\"message\":\"Minimum value is \"},\"max\":{\"value\":\"\",\"message\":\"Maximum value is \"},\"digits\":{\"value\":\"\",\"message\":\"The number of digits has to be \"}},\"numeric-field\":{\"required\":{\"value\":true,\"message\":\"K\\u00f6telez\\u0151 mez\\u0151\"},\"numeric\":{\"value\":true,\"message\":\"This field must contain numeric value\"},\"min\":{\"value\":\"0\",\"message\":\"Minim\\u00e1lis \\u00e9letkor\"},\"max\":{\"value\":\"\",\"message\":\"Maximum value is \"},\"digits\":{\"value\":\"\",\"message\":\"The number of digits has to be \"}},\"message\":{\"required\":{\"value\":true,\"message\":\"This field is required\"}},\"gdpr-agreement\":{\"required\":{\"value\":true,\"message\":\"K\\u00f6telez\\u0151 mez\\u0151!\"}}}};\r\n                    <\/script>\r\n        \n<p>[\/et_pb_text][\/et_pb_column][\/et_pb_row][\/et_pb_section]<\/p>\n","protected":false},"excerpt":{"rendered":"<p>Contact meContacting us is easy, just fill out the form below and click Submit. I will contact you shortly at one of your contact details.Call +36 20 968 3039!Reference data: Name of beneficiary: Tarkov\u00e1cs Cec\u00edlia EV\u200b Bank account number: 12600016-18026435-39903120 IBAN: HU26126000161802643539903120 Notice: Full Name + Coaching\/Workshop <div class='fluentform fluentform_wrapper_2'><form data-form_id=\"2\" id=\"fluentform_2\" class=\"frm-fluent-form fluent_form_2 ff-el-form-top ff_form_instance_2_2 ff-form-loading\" data-form_instance=\"ff_form_instance_2_2\" method=\"POST\" ><input type='hidden' name='__fluent_form_embded_post_id' value='1653' \/><input type=\"hidden\" id=\"_fluentform_2_fluentformnonce\" name=\"_fluentform_2_fluentformnonce\" value=\"77fbae5e85\" \/><input type=\"hidden\" name=\"_wp_http_referer\" value=\"\/en\/wp-json\/wp\/v2\/pages\/1653\" \/><div data-type=\"name-element\" data-name=\"names\" class=\" ff-field_container ff-name-field-wrapper\" ><div class='ff-t-container'><div class='ff-t-cell '><div class='ff-el-group'><div class='ff-el-input--label ff-el-is-required asterisk-right'><label for='ff_2_names_first_name_'>Vezet\u00e9kn\u00e9v<\/label> <\/div><div class='ff-el-input--content'><input type=\"text\" name=\"names[first_name]\" id=\"ff_2_names_first_name_\" class=\"ff-el-form-control\" placeholder=\"Vezet\u00e9kn\u00e9v\" ><\/div><\/div><\/div><div class='ff-t-cell '><div class='ff-el-group'><div class='ff-el-input--label ff-el-is-required asterisk-right'><label for='ff_2_names_last_name_'>Keresztn\u00e9v<\/label> <\/div><div class='ff-el-input--content'><input type=\"text\" name=\"names[last_name]\" id=\"ff_2_names_last_name_\" class=\"ff-el-form-control\" placeholder=\"Keresztn\u00e9v\" ><\/div><\/div><\/div><\/div><\/div><div data-name=\"ff_cn_id_1\"  class='ff-t-container ff-column-container ff_columns_total_2  '><div class='ff-t-cell ff-t-column-1' style='flex-basis: 50%;'><div class='ff-el-group'><div class='ff-el-input--label ff-el-is-required asterisk-right'><label for='ff_2_email'>Email<\/label> <\/div><div class='ff-el-input--content'><input type=\"email\" name=\"email\" id=\"ff_2_email\" class=\"ff-el-form-control\" placeholder=\"Email c\u00edm\" data-name=\"email\" ><\/div><\/div><\/div><div class='ff-t-cell ff-t-column-2' style='flex-basis: 50%;'><div class='ff-el-group'><div class='ff-el-input--label ff-el-is-required asterisk-right'><label for='ff_2_numeric-field_1'>Telefonsz\u00e1m<\/label> <\/div><div class='ff-el-input--content'><input type=\"number\" name=\"numeric-field_1\" id=\"ff_2_numeric-field_1\" class=\"ff-el-form-control\" placeholder=\"+36 (20) 111 2222\" data-name=\"numeric-field_1\" inputmode=\"numeric\" step=\"any\" ><\/div><\/div><\/div><\/div><div class='ff-el-group'><div class='ff-el-input--label ff-el-is-required asterisk-right'><label for='ff_2_numeric-field'>Gyermek \u00e9letkora<\/label> <\/div><div class='ff-el-input--content'><input type=\"number\" name=\"numeric-field\" id=\"ff_2_numeric-field\" class=\"ff-el-form-control\" data-name=\"numeric-field\" inputmode=\"numeric\" step=\"any\" min=\"0\" ><\/div><\/div><div class='ff-el-group'><div class='ff-el-input--label ff-el-is-required asterisk-right'><label for='ff_2_message'>Aktu\u00e1lis gyereknevel\u00e9si kih\u00edv\u00e1s p\u00e1r sz\u00f3ban<\/label> <\/div><div class='ff-el-input--content'><textarea name=\"message\" id=\"ff_2_message\" class=\"ff-el-form-control\" placeholder=\"Ide \u00edrd le milyen kih\u00edv\u00e1sokkal n\u00e9zel szembe, illetve ha b\u00e1rmi k\u00e9rd\u00e9sed, megjegyz\u00e9sed van.\" rows=\"4\" cols=\"2\" data-name=\"message\" ><\/textarea><\/div><\/div><div class='ff-el-group    ff-el-input--content'><div class='ff-el-form-check ff-el-tc'><label class='ff-el-form-check-label ff_tc_label' for=gdpr-agreement_63d25b9b94f45c5183e102c420c5f480><span class='ff_tc_checkbox'><input type=\"checkbox\" name=\"gdpr-agreement\" class=\"ff-el-form-check-input ff_gdpr_field\" data-name=\"gdpr-agreement\" id=\"gdpr-agreement_63d25b9b94f45c5183e102c420c5f480\"  value='on'><\/span> <div class='ff_t_c'>Az \"\u00dczenet k\u00fcld\u00e9se\" gombra val\u00f3 kattint\u00e1ssal elfogadod adataid tov\u00e1bb\u00edt\u00e1s\u00e1t az Gyerekre Hangolva sz\u00e1m\u00e1ra, amely v\u00e1llalja, hogy azokat adatkezel\u00e9si szab\u00e1lyzatnak megfelel\u0151en haszn\u00e1lja.<\/div><\/label><\/div><\/div><div class='ff-el-group ff-text-center ff_submit_btn_wrapper'><button type=\"submit\" class=\"ff-btn ff-btn-submit ff-btn-lg ff_btn_style wpf_has_custom_css\" >\u00dczenet k\u00fcld\u00e9se<\/button><\/div><\/form><div id='fluentform_2_errors' class='ff-errors-in-stack ff_form_instance_2_2 ff-form-loading_errors ff_form_instance_2_2_errors'><\/div><\/div>        <script type=\"text\/javascript\">\r\n            window.fluent_form_ff_form_instance_2_2 = {\"id\":\"2\",\"settings\":{\"layout\":{\"labelPlacement\":\"top\",\"helpMessagePlacement\":\"with_label\",\"errorMessagePlacement\":\"inline\",\"asteriskPlacement\":\"asterisk-right\"},\"id\":\"39\",\"restrictions\":{\"denyEmptySubmission\":{\"enabled\":false}}},\"form_instance\":\"ff_form_instance_2_2\",\"form_id_selector\":\"fluentform_2\",\"rules\":{\"names[first_name]\":{\"required\":{\"value\":true,\"message\":\"K\\u00f6telez\\u0151 mez\\u0151\"}},\"names[middle_name]\":{\"required\":{\"value\":false,\"message\":\"This field is required\"}},\"names[last_name]\":{\"required\":{\"value\":true,\"message\":\"K\\u00f6telez\\u0151 mez\\u0151\"}},\"email\":{\"required\":{\"value\":true,\"message\":\"K\\u00f6telez\\u0151 mez\\u0151\"},\"email\":{\"value\":true,\"message\":\"This field must contain a valid email\"}},\"numeric-field_1\":{\"required\":{\"value\":true,\"message\":\"K\\u00f6telez\\u0151 mez\\u0151\"},\"numeric\":{\"value\":true,\"message\":\"This field must contain numeric value\"},\"min\":{\"value\":\"\",\"message\":\"Minimum value is \"},\"max\":{\"value\":\"\",\"message\":\"Maximum value is \"},\"digits\":{\"value\":\"\",\"message\":\"The number of digits has to be \"}},\"numeric-field\":{\"required\":{\"value\":true,\"message\":\"K\\u00f6telez\\u0151 mez\\u0151\"},\"numeric\":{\"value\":true,\"message\":\"This field must contain numeric value\"},\"min\":{\"value\":\"0\",\"message\":\"Minim\\u00e1lis \\u00e9letkor\"},\"max\":{\"value\":\"\",\"message\":\"Maximum value is \"},\"digits\":{\"value\":\"\",\"message\":\"The number of digits has to be \"}},\"message\":{\"required\":{\"value\":true,\"message\":\"This field is required\"}},\"gdpr-agreement\":{\"required\":{\"value\":true,\"message\":\"K\\u00f6telez\\u0151 mez\\u0151!\"}}}};\r\n                    <\/script>\r\n        <\/p>\n","protected":false},"author":2,"featured_media":0,"parent":0,"menu_order":0,"comment_status":"closed","ping_status":"closed","template":"","meta":{"_et_pb_use_builder":"on","_et_pb_old_content":"","_et_gb_content_width":""},"_links":{"self":[{"href":"https:\/\/gyerekrehangolva.hu\/en\/wp-json\/wp\/v2\/pages\/1653"}],"collection":[{"href":"https:\/\/gyerekrehangolva.hu\/en\/wp-json\/wp\/v2\/pages"}],"about":[{"href":"https:\/\/gyerekrehangolva.hu\/en\/wp-json\/wp\/v2\/types\/page"}],"author":[{"embeddable":true,"href":"https:\/\/gyerekrehangolva.hu\/en\/wp-json\/wp\/v2\/users\/2"}],"replies":[{"embeddable":true,"href":"https:\/\/gyerekrehangolva.hu\/en\/wp-json\/wp\/v2\/comments?post=1653"}],"version-history":[{"count":6,"href":"https:\/\/gyerekrehangolva.hu\/en\/wp-json\/wp\/v2\/pages\/1653\/revisions"}],"predecessor-version":[{"id":2237,"href":"https:\/\/gyerekrehangolva.hu\/en\/wp-json\/wp\/v2\/pages\/1653\/revisions\/2237"}],"wp:attachment":[{"href":"https:\/\/gyerekrehangolva.hu\/en\/wp-json\/wp\/v2\/media?parent=1653"}],"curies":[{"name":"wp","href":"https:\/\/api.w.org\/{rel}","templated":true}]}}